{"id":1800,"date":"2020-04-22T16:52:30","date_gmt":"2020-04-22T21:52:30","guid":{"rendered":"http:\/\/exmarketingsolutions.com\/?page_id=1800"},"modified":"2020-10-20T16:31:10","modified_gmt":"2020-10-20T21:31:10","slug":"disclaimer","status":"publish","type":"page","link":"https:\/\/exmarketingsolutions.com\/en\/disclaimer\/","title":{"rendered":"Disclaimer"},"content":{"rendered":"<div data-elementor-type=\"wp-page\" data-elementor-id=\"1800\" class=\"elementor elementor-1800\" data-elementor-post-type=\"page\">\n\t\t\t\t\t\t<section class=\"elementor-section elementor-top-section elementor-element elementor-element-accfb36 elementor-section-boxed elementor-section-height-default elementor-section-height-default\" data-id=\"accfb36\" data-element_type=\"section\">\n\t\t\t\t\t\t<div class=\"elementor-container elementor-column-gap-default\">\n\t\t\t\t\t<div class=\"elementor-column elementor-col-100 elementor-top-column elementor-element elementor-element-754906f\" data-id=\"754906f\" data-element_type=\"column\">\n\t\t\t<div class=\"elementor-widget-wrap elementor-element-populated\">\n\t\t\t\t\t\t<div class=\"elementor-element elementor-element-6643937 elementor-widget elementor-widget-spacer\" data-id=\"6643937\" data-element_type=\"widget\" data-widget_type=\"spacer.default\">\n\t\t\t\t<div class=\"elementor-widget-container\">\n\t\t\t\t\t\t\t<div class=\"elementor-spacer\">\n\t\t\t<div class=\"elementor-spacer-inner\"><\/div>\n\t\t<\/div>\n\t\t\t\t\t\t<\/div>\n\t\t\t\t<\/div>\n\t\t\t\t\t<\/div>\n\t\t<\/div>\n\t\t\t\t\t<\/div>\n\t\t<\/section>\n\t\t\t\t<section class=\"elementor-section elementor-top-section elementor-element elementor-element-5d68ad3 elementor-section-boxed elementor-section-height-default elementor-section-height-default\" data-id=\"5d68ad3\" data-element_type=\"section\">\n\t\t\t\t\t\t<div class=\"elementor-container elementor-column-gap-default\">\n\t\t\t\t\t<div class=\"elementor-column elementor-col-100 elementor-top-column elementor-element elementor-element-bc7faf7\" data-id=\"bc7faf7\" data-element_type=\"column\">\n\t\t\t<div class=\"elementor-widget-wrap elementor-element-populated\">\n\t\t\t\t\t\t<div class=\"elementor-element elementor-element-864a30c elementor-widget elementor-widget-heading\" data-id=\"864a30c\" data-element_type=\"widget\" data-widget_type=\"heading.default\">\n\t\t\t\t<div class=\"elementor-widget-container\">\n\t\t\t\t\t<h2 class=\"elementor-heading-title elementor-size-default\">Disclaimer <br>(Aviso Legal)<\/h2>\t\t\t\t<\/div>\n\t\t\t\t<\/div>\n\t\t\t\t<div class=\"elementor-element elementor-element-49e958e elementor-widget elementor-widget-spacer\" data-id=\"49e958e\" data-element_type=\"widget\" data-widget_type=\"spacer.default\">\n\t\t\t\t<div class=\"elementor-widget-container\">\n\t\t\t\t\t\t\t<div class=\"elementor-spacer\">\n\t\t\t<div class=\"elementor-spacer-inner\"><\/div>\n\t\t<\/div>\n\t\t\t\t\t\t<\/div>\n\t\t\t\t<\/div>\n\t\t\t\t\t<\/div>\n\t\t<\/div>\n\t\t\t\t\t<\/div>\n\t\t<\/section>\n\t\t\t\t<section class=\"elementor-section elementor-top-section elementor-element elementor-element-493a3cf elementor-section-boxed elementor-section-height-default elementor-section-height-default\" data-id=\"493a3cf\" data-element_type=\"section\">\n\t\t\t\t\t\t<div class=\"elementor-container elementor-column-gap-default\">\n\t\t\t\t\t<div class=\"elementor-column elementor-col-100 elementor-top-column elementor-element elementor-element-595d1f2\" data-id=\"595d1f2\" data-element_type=\"column\">\n\t\t\t<div class=\"elementor-widget-wrap elementor-element-populated\">\n\t\t\t\t\t\t<div class=\"elementor-element elementor-element-8879ed3 elementor-widget elementor-widget-text-editor\" data-id=\"8879ed3\" data-element_type=\"widget\" data-widget_type=\"text-editor.default\">\n\t\t\t\t<div class=\"elementor-widget-container\">\n\t\t\t\t\t\t\t\t\t<p style=\"text-align: left;\"><span style=\"font-size: 18pt;\"><strong>Disclaimer para EX Marketing Solutions<\/strong><\/span><br>Si necesita m\u00e1s informaci\u00f3n o tiene alguna pregunta sobre el disclaimer de nuestro sitio, no dude en contactarnos por correo electr\u00f3nico a ex.marketingsolutions@gmail.com<br><span style=\"font-size: 18pt;\"><strong>Disclaimers para EX Marketing Solutions<\/strong><\/span><br>Toda la informaci\u00f3n en este sitio web http:\/\/exmarketingsolutions.com\/, se publica de buena fe y solo con fines de informaci\u00f3n general. EX Marketing Solutions no ofrece ninguna garant\u00eda sobre la integridad, fiabilidad y precisi\u00f3n de esta informaci\u00f3n. Cualquier acci\u00f3n que realice sobre la informaci\u00f3n que encuentre en este sitio web (EX Marketing Solutions) es estrictamente bajo su propio riesgo. EX Marketing Solutions no ser\u00e1 responsable de ninguna p\u00e9rdida y \/ o da\u00f1o relacionado con el uso de nuestro sitio web. <br>Desde nuestro sitio web, puede visitar otros sitios web siguiendo hiperv\u00ednculos a dichos sitios externos. Si bien nos esforzamos por proporcionar solo enlaces de calidad a sitios web \u00fatiles y \u00e9ticos, no tenemos control sobre el contenido y la naturaleza de estos sitios. Estos enlaces a otros sitios web no implican una recomendaci\u00f3n para todo el contenido que se encuentra en estos sitios. Los propietarios del sitio y el contenido pueden cambiar sin previo aviso y pueden ocurrir antes de que tengamos la oportunidad de eliminar un enlace que puede haber resultado &#8220;malo&#8221;.<br>Tenga en cuenta tambi\u00e9n que cuando abandona nuestro sitio web, otros sitios pueden tener pol\u00edticas y t\u00e9rminos de privacidad diferentes que est\u00e1n fuera de nuestro control. Aseg\u00farese de consultar las Pol\u00edticas de privacidad de estos sitios, as\u00ed como sus &#8220;T\u00e9rminos de servicio&#8221; antes de realizar cualquier negocio o cargar cualquier informaci\u00f3n.<br><span style=\"font-size: 18pt;\"><strong><\/strong><\/span><\/p>\n<p style=\"text-align: left;\"><span style=\"font-size: 18pt;\"><strong>Consentimiento<\/strong><\/span><br>Al usar nuestro sitio web, usted acepta nuestro disclaimer y acepta sus t\u00e9rminos.<\/p>\n<p style=\"text-align: left;\"><span style=\"font-size: 18pt;\"><strong>Actualizar<\/strong><\/span><br>En caso de que actualicemos, modifiquemos o realicemos cambios en este documento, dichos cambios se publicar\u00e1n de manera destacada aqu\u00ed.<\/p>\t\t\t\t\t\t\t\t<\/div>\n\t\t\t\t<\/div>\n\t\t\t\t\t<\/div>\n\t\t<\/div>\n\t\t\t\t\t<\/div>\n\t\t<\/section>\n\t\t\t\t<\/div>","protected":false},"excerpt":{"rendered":"<p>Disclaimer (Aviso Legal) Disclaimer para EX Marketing SolutionsSi necesita m\u00e1s informaci\u00f3n o tiene alguna pregunta sobre el disclaimer de nuestro sitio, no dude en contactarnos por correo electr\u00f3nico a ex.marketingsolutions@gmail.comDisclaimers para EX Marketing SolutionsToda la informaci\u00f3n en este sitio web http:\/\/exmarketingsolutions.com\/, se publica de buena fe y solo con fines de informaci\u00f3n general. EX Marketing [&hellip;]<\/p>","protected":false},"author":1,"featured_media":0,"parent":0,"menu_order":0,"comment_status":"closed","ping_status":"closed","template":"elementor_header_footer","meta":{"_monsterinsights_skip_tracking":false,"_monsterinsights_sitenote_active":false,"_monsterinsights_sitenote_note":"","_monsterinsights_sitenote_category":0,"_joinchat":[],"footnotes":""},"class_list":["post-1800","page","type-page","status-publish","hentry"],"yoast_head":"<!-- This site is optimized with the Yoast SEO plugin v26.0 - https:\/\/yoast.com\/wordpress\/plugins\/seo\/ -->\n<title>Disclaimer - Ex Marketing Solutions<\/title>\n<meta name=\"robots\" content=\"index, follow, max-snippet:-1, max-image-preview:large, max-video-preview:-1\" \/>\n<link rel=\"canonical\" href=\"https:\/\/exmarketingsolutions.com\/en\/disclaimer\/\" \/>\n<meta property=\"og:locale\" content=\"en_US\" \/>\n<meta property=\"og:type\" content=\"article\" \/>\n<meta property=\"og:title\" content=\"Disclaimer - Ex Marketing Solutions\" \/>\n<meta property=\"og:description\" content=\"Disclaimer (Aviso Legal) Disclaimer para EX Marketing SolutionsSi necesita m\u00e1s informaci\u00f3n o tiene alguna pregunta sobre el disclaimer de nuestro sitio, no dude en contactarnos por correo electr\u00f3nico a ex.marketingsolutions@gmail.comDisclaimers para EX Marketing SolutionsToda la informaci\u00f3n en este sitio web http:\/\/exmarketingsolutions.com\/, se publica de buena fe y solo con fines de informaci\u00f3n general. EX Marketing [&hellip;]\" \/>\n<meta property=\"og:url\" content=\"https:\/\/exmarketingsolutions.com\/en\/disclaimer\/\" \/>\n<meta property=\"og:site_name\" content=\"Ex Marketing Solutions\" \/>\n<meta property=\"article:modified_time\" content=\"2020-10-20T21:31:10+00:00\" \/>\n<meta name=\"twitter:card\" content=\"summary_large_image\" \/>\n<meta name=\"twitter:label1\" content=\"Est. reading time\" \/>\n\t<meta name=\"twitter:data1\" content=\"2 minutes\" \/>\n<script type=\"application\/ld+json\" class=\"yoast-schema-graph\">{\"@context\":\"https:\/\/schema.org\",\"@graph\":[{\"@type\":\"WebPage\",\"@id\":\"https:\/\/exmarketingsolutions.com\/en\/disclaimer\/\",\"url\":\"https:\/\/exmarketingsolutions.com\/en\/disclaimer\/\",\"name\":\"Disclaimer - Ex Marketing Solutions\",\"isPartOf\":{\"@id\":\"https:\/\/exmarketingsolutions.com\/#website\"},\"datePublished\":\"2020-04-22T21:52:30+00:00\",\"dateModified\":\"2020-10-20T21:31:10+00:00\",\"breadcrumb\":{\"@id\":\"https:\/\/exmarketingsolutions.com\/en\/disclaimer\/#breadcrumb\"},\"inLanguage\":\"en-US\",\"potentialAction\":[{\"@type\":\"ReadAction\",\"target\":[\"https:\/\/exmarketingsolutions.com\/en\/disclaimer\/\"]}]},{\"@type\":\"BreadcrumbList\",\"@id\":\"https:\/\/exmarketingsolutions.com\/en\/disclaimer\/#breadcrumb\",\"itemListElement\":[{\"@type\":\"ListItem\",\"position\":1,\"name\":\"Inicio\",\"item\":\"https:\/\/exmarketingsolutions.com\/\"},{\"@type\":\"ListItem\",\"position\":2,\"name\":\"Disclaimer\"}]},{\"@type\":\"WebSite\",\"@id\":\"https:\/\/exmarketingsolutions.com\/#website\",\"url\":\"https:\/\/exmarketingsolutions.com\/\",\"name\":\"Ex Marketing Solutions\",\"description\":\"Adapt, Improve &amp; Advance\",\"publisher\":{\"@id\":\"https:\/\/exmarketingsolutions.com\/#organization\"},\"potentialAction\":[{\"@type\":\"SearchAction\",\"target\":{\"@type\":\"EntryPoint\",\"urlTemplate\":\"https:\/\/exmarketingsolutions.com\/?s={search_term_string}\"},\"query-input\":{\"@type\":\"PropertyValueSpecification\",\"valueRequired\":true,\"valueName\":\"search_term_string\"}}],\"inLanguage\":\"en-US\"},{\"@type\":\"Organization\",\"@id\":\"https:\/\/exmarketingsolutions.com\/#organization\",\"name\":\"EX Marketing Solutions\",\"url\":\"https:\/\/exmarketingsolutions.com\/\",\"logo\":{\"@type\":\"ImageObject\",\"inLanguage\":\"en-US\",\"@id\":\"https:\/\/exmarketingsolutions.com\/#\/schema\/logo\/image\/\",\"url\":\"\",\"contentUrl\":\"\",\"caption\":\"EX Marketing Solutions\"},\"image\":{\"@id\":\"https:\/\/exmarketingsolutions.com\/#\/schema\/logo\/image\/\"}}]}<\/script>\n<!-- \/ Yoast SEO plugin. -->","yoast_head_json":{"title":"Disclaimer - Ex Marketing Solutions","robots":{"index":"index","follow":"follow","max-snippet":"max-snippet:-1","max-image-preview":"max-image-preview:large","max-video-preview":"max-video-preview:-1"},"canonical":"https:\/\/exmarketingsolutions.com\/en\/disclaimer\/","og_locale":"en_US","og_type":"article","og_title":"Disclaimer - Ex Marketing Solutions","og_description":"Disclaimer (Aviso Legal) Disclaimer para EX Marketing SolutionsSi necesita m\u00e1s informaci\u00f3n o tiene alguna pregunta sobre el disclaimer de nuestro sitio, no dude en contactarnos por correo electr\u00f3nico a ex.marketingsolutions@gmail.comDisclaimers para EX Marketing SolutionsToda la informaci\u00f3n en este sitio web http:\/\/exmarketingsolutions.com\/, se publica de buena fe y solo con fines de informaci\u00f3n general. EX Marketing [&hellip;]","og_url":"https:\/\/exmarketingsolutions.com\/en\/disclaimer\/","og_site_name":"Ex Marketing Solutions","article_modified_time":"2020-10-20T21:31:10+00:00","twitter_card":"summary_large_image","twitter_misc":{"Est. reading time":"2 minutes"},"schema":{"@context":"https:\/\/schema.org","@graph":[{"@type":"WebPage","@id":"https:\/\/exmarketingsolutions.com\/en\/disclaimer\/","url":"https:\/\/exmarketingsolutions.com\/en\/disclaimer\/","name":"Disclaimer - Ex Marketing Solutions","isPartOf":{"@id":"https:\/\/exmarketingsolutions.com\/#website"},"datePublished":"2020-04-22T21:52:30+00:00","dateModified":"2020-10-20T21:31:10+00:00","breadcrumb":{"@id":"https:\/\/exmarketingsolutions.com\/en\/disclaimer\/#breadcrumb"},"inLanguage":"en-US","potentialAction":[{"@type":"ReadAction","target":["https:\/\/exmarketingsolutions.com\/en\/disclaimer\/"]}]},{"@type":"BreadcrumbList","@id":"https:\/\/exmarketingsolutions.com\/en\/disclaimer\/#breadcrumb","itemListElement":[{"@type":"ListItem","position":1,"name":"Inicio","item":"https:\/\/exmarketingsolutions.com\/"},{"@type":"ListItem","position":2,"name":"Disclaimer"}]},{"@type":"WebSite","@id":"https:\/\/exmarketingsolutions.com\/#website","url":"https:\/\/exmarketingsolutions.com\/","name":"Ex Marketing Solutions","description":"Adapt, Improve &amp; Advance","publisher":{"@id":"https:\/\/exmarketingsolutions.com\/#organization"},"potentialAction":[{"@type":"SearchAction","target":{"@type":"EntryPoint","urlTemplate":"https:\/\/exmarketingsolutions.com\/?s={search_term_string}"},"query-input":{"@type":"PropertyValueSpecification","valueRequired":true,"valueName":"search_term_string"}}],"inLanguage":"en-US"},{"@type":"Organization","@id":"https:\/\/exmarketingsolutions.com\/#organization","name":"EX Marketing Solutions","url":"https:\/\/exmarketingsolutions.com\/","logo":{"@type":"ImageObject","inLanguage":"en-US","@id":"https:\/\/exmarketingsolutions.com\/#\/schema\/logo\/image\/","url":"","contentUrl":"","caption":"EX Marketing Solutions"},"image":{"@id":"https:\/\/exmarketingsolutions.com\/#\/schema\/logo\/image\/"}}]}},"_links":{"self":[{"href":"https:\/\/exmarketingsolutions.com\/en\/wp-json\/wp\/v2\/pages\/1800","targetHints":{"allow":["GET"]}}],"collection":[{"href":"https:\/\/exmarketingsolutions.com\/en\/wp-json\/wp\/v2\/pages"}],"about":[{"href":"https:\/\/exmarketingsolutions.com\/en\/wp-json\/wp\/v2\/types\/page"}],"author":[{"embeddable":true,"href":"https:\/\/exmarketingsolutions.com\/en\/wp-json\/wp\/v2\/users\/1"}],"replies":[{"embeddable":true,"href":"https:\/\/exmarketingsolutions.com\/en\/wp-json\/wp\/v2\/comments?post=1800"}],"version-history":[{"count":0,"href":"https:\/\/exmarketingsolutions.com\/en\/wp-json\/wp\/v2\/pages\/1800\/revisions"}],"wp:attachment":[{"href":"https:\/\/exmarketingsolutions.com\/en\/wp-json\/wp\/v2\/media?parent=1800"}],"curies":[{"name":"wp","href":"https:\/\/api.w.org\/{rel}","templated":true}]}}